{"id":16,"date":"2023-09-13T03:43:22","date_gmt":"2023-09-13T03:43:22","guid":{"rendered":"https:\/\/packmais.com\/packmais\/?post_type=product&#038;p=16"},"modified":"2026-03-17T11:00:39","modified_gmt":"2026-03-17T11:00:39","slug":"p00-eclair-e-mini-churros","status":"publish","type":"product","link":"https:\/\/packmais.com\/packmais\/product\/p00-eclair-e-mini-churros\/","title":{"rendered":"P00 &#8211; Eclair e mini churros"},"content":{"rendered":"<p>&nbsp;<\/p>\n<h3>Produto:<\/h3>\n<table border=\"1\" width=\"100%\">\n<tbody>\n<tr>\n<th>\u00a0ITEM<\/th>\n<th>\u00a0DESCRI\u00c7\u00c3O<\/th>\n<th>\u00a0C\u00d3D. DE BARRAS<\/th>\n<th>\u00a0C\u00d3D. INTERNO<\/th>\n<\/tr>\n<tr>\n<td>\u00a0P00<\/td>\n<td>\u00a0ECLAIR E MINI CHURROS<\/td>\n<td>\u00a07 898968 457355<\/td>\n<td>\u00a02300<\/td>\n<\/tr>\n<\/tbody>\n<\/table>\n<h3>Dados t\u00e9cnicos:<\/h3>\n<table border=\"1\" width=\"100%\">\n<tbody>\n<tr>\n<th scope=\"row\">Peso l\u00edquido:<\/th>\n<td>\u00a08g<\/td>\n<\/tr>\n<tr>\n<th scope=\"row\">Material:<\/th>\n<td>\u00a0PET<\/td>\n<\/tr>\n<tr>\n<th scope=\"row\">\u00a0Cor:<\/th>\n<td>\u00a0Tampa cristal e base preta<\/td>\n<\/tr>\n<tr>\n<th scope=\"row\">\u00a0Capacidade volum\u00e9trica:<\/th>\n<td>\u00a0&#8211;<\/td>\n<\/tr>\n<tr>\n<th scope=\"row\">Dimens\u00f5es internas:<\/th>\n<td>\u00a012,5cm x 3,5cm x 1,5cm<\/td>\n<\/tr>\n<tr>\n<th scope=\"row\">Dimens\u00f5es externas:<\/th>\n<td>\u00a015cm x 5,5cm x 4,5cm<\/td>\n<\/tr>\n<\/tbody>\n<\/table>\n<h3>Embalagem:<\/h3>\n<table border=\"1\" width=\"100%\">\n<tbody>\n<tr>\n<th scope=\"row\">Unidades por caixa :<\/th>\n<td>\u00a0120 conjuntos<\/td>\n<\/tr>\n<tr>\n<th scope=\"row\">Dimens\u00f5es da caixa:<\/th>\n<td>\u00a0335mm x 250mm x 225mm<\/td>\n<\/tr>\n<tr>\n<th scope=\"row\">Pesi l\u00edquido da caixa:<\/th>\n<td>\u00a0960<\/td>\n<\/tr>\n<tr>\n<th scope=\"row\">\u00a0Peso bruto da caixa:<\/th>\n<td>\u00a01160g<\/td>\n<\/tr>\n<tr>\n<th scope=\"row\">\u00a0Volume externo da caixa:<\/th>\n<td>\u00a00,0188m\u00b3<\/td>\n<\/tr>\n<tr>\n<th scope=\"row\">Paletiza\u00e7\u00e3o:<\/th>\n<td>\u00a0100x por camada por 5 de altura<\/td>\n<\/tr>\n<tr>\n<th scope=\"row\">Validade:<\/th>\n<td>\u00a0Indeterminado<\/td>\n<\/tr>\n<tr>\n<th scope=\"row\">Armazenamento:<\/th>\n<td>\u00a0Local sec, at\u00e9 35\u00baC<\/td>\n<\/tr>\n<\/tbody>\n<\/table>\n<p>3.1. As pe\u00e7as s\u00e3o embaladas em sacos de Polietileno e acondicionadas em caixa de papel\u00e3o<br \/>\nondulado, ondas simples, fechada com fita adesiva.<\/p>\n<h5>Classifica\u00e7\u00e3o fiscal: 39239090<\/h5>\n<h5>Al\u00edquota do IPI: 15%<\/h5>\n<h5>Informa\u00e7\u00f5es complementares:<\/h5>\n<p>6.1. O produto satisfaz as exig\u00eancias da resolu\u00e7\u00e3o 105\/99 da Ag\u00eancia Nacional da Vigil\u00e2ncia Sanit\u00e1ria.<\/p>\n","protected":false},"excerpt":{"rendered":"<p>&nbsp; Produto: \u00a0ITEM \u00a0DESCRI\u00c7\u00c3O \u00a0C\u00d3D. DE BARRAS \u00a0C\u00d3D. INTERNO \u00a0P00 \u00a0ECLAIR E MINI CHURROS \u00a07 898968 457355 \u00a02300 Dados t\u00e9cnicos: Peso l\u00edquido: \u00a08g Material: \u00a0PET \u00a0Cor: \u00a0Tampa cristal e base preta \u00a0Capacidade volum\u00e9trica: \u00a0&#8211; Dimens\u00f5es internas: \u00a012,5cm x 3,5cm x 1,5cm Dimens\u00f5es externas: \u00a015cm x 5,5cm x 4,5cm Embalagem: Unidades por caixa : \u00a0120 conjuntos [&hellip;]<\/p>\n","protected":false},"featured_media":50,"comment_status":"open","ping_status":"closed","template":"","meta":{"_acf_changed":false},"product_brand":[],"product_cat":[17],"product_tag":[],"class_list":{"0":"post-16","1":"product","2":"type-product","3":"status-publish","4":"has-post-thumbnail","6":"product_cat-embalagens","8":"first","9":"instock","10":"shipping-taxable","11":"product-type-simple"},"acf":[],"yoast_head":"<!-- This site is optimized with the Yoast SEO plugin v27.6 - https:\/\/yoast.com\/product\/yoast-seo-wordpress\/ -->\n<title>P00 - Eclair e mini churros - PackMais<\/title>\n<meta name=\"robots\" content=\"index, follow, max-snippet:-1, max-image-preview:large, max-video-preview:-1\" \/>\n<link rel=\"canonical\" href=\"https:\/\/packmais.com\/packmais\/product\/p00-eclair-e-mini-churros\/\" \/>\n<meta property=\"og:locale\" content=\"pt_PT\" \/>\n<meta property=\"og:type\" content=\"article\" \/>\n<meta property=\"og:title\" content=\"P00 - Eclair e mini churros - PackMais\" \/>\n<meta property=\"og:description\" content=\"&nbsp; Produto: \u00a0ITEM \u00a0DESCRI\u00c7\u00c3O \u00a0C\u00d3D. DE BARRAS \u00a0C\u00d3D. INTERNO \u00a0P00 \u00a0ECLAIR E MINI CHURROS \u00a07 898968 457355 \u00a02300 Dados t\u00e9cnicos: Peso l\u00edquido: \u00a08g Material: \u00a0PET \u00a0Cor: \u00a0Tampa cristal e base preta \u00a0Capacidade volum\u00e9trica: \u00a0&#8211; Dimens\u00f5es internas: \u00a012,5cm x 3,5cm x 1,5cm Dimens\u00f5es externas: \u00a015cm x 5,5cm x 4,5cm Embalagem: Unidades por caixa : \u00a0120 conjuntos [&hellip;]\" \/>\n<meta property=\"og:url\" content=\"https:\/\/packmais.com\/packmais\/product\/p00-eclair-e-mini-churros\/\" \/>\n<meta property=\"og:site_name\" content=\"PackMais\" \/>\n<meta property=\"article:modified_time\" content=\"2026-03-17T11:00:39+00:00\" \/>\n<meta property=\"og:image\" content=\"https:\/\/packmais.com\/packmais\/wp-content\/uploads\/2023\/09\/P00x.jpg\" \/>\n\t<meta property=\"og:image:width\" content=\"252\" \/>\n\t<meta property=\"og:image:height\" content=\"225\" \/>\n\t<meta property=\"og:image:type\" content=\"image\/jpeg\" \/>\n<meta name=\"twitter:card\" content=\"summary_large_image\" \/>\n<meta name=\"twitter:label1\" content=\"Tempo estimado de leitura\" \/>\n\t<meta name=\"twitter:data1\" content=\"1 minuto\" \/>\n<script type=\"application\/ld+json\" class=\"yoast-schema-graph\">{\"@context\":\"https:\\\/\\\/schema.org\",\"@graph\":[{\"@type\":\"WebPage\",\"@id\":\"https:\\\/\\\/packmais.com\\\/packmais\\\/product\\\/p00-eclair-e-mini-churros\\\/\",\"url\":\"https:\\\/\\\/packmais.com\\\/packmais\\\/product\\\/p00-eclair-e-mini-churros\\\/\",\"name\":\"P00 - Eclair e mini churros - PackMais\",\"isPartOf\":{\"@id\":\"https:\\\/\\\/packmais.com\\\/packmais\\\/#website\"},\"primaryImageOfPage\":{\"@id\":\"https:\\\/\\\/packmais.com\\\/packmais\\\/product\\\/p00-eclair-e-mini-churros\\\/#primaryimage\"},\"image\":{\"@id\":\"https:\\\/\\\/packmais.com\\\/packmais\\\/product\\\/p00-eclair-e-mini-churros\\\/#primaryimage\"},\"thumbnailUrl\":\"https:\\\/\\\/i0.wp.com\\\/packmais.com\\\/packmais\\\/wp-content\\\/uploads\\\/2023\\\/09\\\/P00x.jpg?fit=252%2C225&ssl=1\",\"datePublished\":\"2023-09-13T03:43:22+00:00\",\"dateModified\":\"2026-03-17T11:00:39+00:00\",\"breadcrumb\":{\"@id\":\"https:\\\/\\\/packmais.com\\\/packmais\\\/product\\\/p00-eclair-e-mini-churros\\\/#breadcrumb\"},\"inLanguage\":\"pt-PT\",\"potentialAction\":[{\"@type\":\"ReadAction\",\"target\":[\"https:\\\/\\\/packmais.com\\\/packmais\\\/product\\\/p00-eclair-e-mini-churros\\\/\"]}]},{\"@type\":\"ImageObject\",\"inLanguage\":\"pt-PT\",\"@id\":\"https:\\\/\\\/packmais.com\\\/packmais\\\/product\\\/p00-eclair-e-mini-churros\\\/#primaryimage\",\"url\":\"https:\\\/\\\/i0.wp.com\\\/packmais.com\\\/packmais\\\/wp-content\\\/uploads\\\/2023\\\/09\\\/P00x.jpg?fit=252%2C225&ssl=1\",\"contentUrl\":\"https:\\\/\\\/i0.wp.com\\\/packmais.com\\\/packmais\\\/wp-content\\\/uploads\\\/2023\\\/09\\\/P00x.jpg?fit=252%2C225&ssl=1\",\"width\":252,\"height\":225},{\"@type\":\"BreadcrumbList\",\"@id\":\"https:\\\/\\\/packmais.com\\\/packmais\\\/product\\\/p00-eclair-e-mini-churros\\\/#breadcrumb\",\"itemListElement\":[{\"@type\":\"ListItem\",\"position\":1,\"name\":\"Home\",\"item\":\"https:\\\/\\\/packmais.com\\\/packmais\\\/\"},{\"@type\":\"ListItem\",\"position\":2,\"name\":\"Shop\",\"item\":\"https:\\\/\\\/packmais.com\\\/packmais\\\/home\\\/shop\\\/\"},{\"@type\":\"ListItem\",\"position\":3,\"name\":\"P00 &#8211; Eclair e mini churros\"}]},{\"@type\":\"WebSite\",\"@id\":\"https:\\\/\\\/packmais.com\\\/packmais\\\/#website\",\"url\":\"https:\\\/\\\/packmais.com\\\/packmais\\\/\",\"name\":\"PackMais\",\"description\":\"\",\"publisher\":{\"@id\":\"https:\\\/\\\/packmais.com\\\/packmais\\\/#organization\"},\"potentialAction\":[{\"@type\":\"SearchAction\",\"target\":{\"@type\":\"EntryPoint\",\"urlTemplate\":\"https:\\\/\\\/packmais.com\\\/packmais\\\/?s={search_term_string}\"},\"query-input\":{\"@type\":\"PropertyValueSpecification\",\"valueRequired\":true,\"valueName\":\"search_term_string\"}}],\"inLanguage\":\"pt-PT\"},{\"@type\":\"Organization\",\"@id\":\"https:\\\/\\\/packmais.com\\\/packmais\\\/#organization\",\"name\":\"PackMais\",\"url\":\"https:\\\/\\\/packmais.com\\\/packmais\\\/\",\"logo\":{\"@type\":\"ImageObject\",\"inLanguage\":\"pt-PT\",\"@id\":\"https:\\\/\\\/packmais.com\\\/packmais\\\/#\\\/schema\\\/logo\\\/image\\\/\",\"url\":\"https:\\\/\\\/i0.wp.com\\\/packmais.com\\\/packmais\\\/wp-content\\\/uploads\\\/2023\\\/09\\\/logo.png?fit=759%2C250&ssl=1\",\"contentUrl\":\"https:\\\/\\\/i0.wp.com\\\/packmais.com\\\/packmais\\\/wp-content\\\/uploads\\\/2023\\\/09\\\/logo.png?fit=759%2C250&ssl=1\",\"width\":759,\"height\":250,\"caption\":\"PackMais\"},\"image\":{\"@id\":\"https:\\\/\\\/packmais.com\\\/packmais\\\/#\\\/schema\\\/logo\\\/image\\\/\"}}]}<\/script>\n<!-- \/ Yoast SEO plugin. -->","yoast_head_json":{"title":"P00 - Eclair e mini churros - PackMais","robots":{"index":"index","follow":"follow","max-snippet":"max-snippet:-1","max-image-preview":"max-image-preview:large","max-video-preview":"max-video-preview:-1"},"canonical":"https:\/\/packmais.com\/packmais\/product\/p00-eclair-e-mini-churros\/","og_locale":"pt_PT","og_type":"article","og_title":"P00 - Eclair e mini churros - PackMais","og_description":"&nbsp; Produto: \u00a0ITEM \u00a0DESCRI\u00c7\u00c3O \u00a0C\u00d3D. DE BARRAS \u00a0C\u00d3D. INTERNO \u00a0P00 \u00a0ECLAIR E MINI CHURROS \u00a07 898968 457355 \u00a02300 Dados t\u00e9cnicos: Peso l\u00edquido: \u00a08g Material: \u00a0PET \u00a0Cor: \u00a0Tampa cristal e base preta \u00a0Capacidade volum\u00e9trica: \u00a0&#8211; Dimens\u00f5es internas: \u00a012,5cm x 3,5cm x 1,5cm Dimens\u00f5es externas: \u00a015cm x 5,5cm x 4,5cm Embalagem: Unidades por caixa : \u00a0120 conjuntos [&hellip;]","og_url":"https:\/\/packmais.com\/packmais\/product\/p00-eclair-e-mini-churros\/","og_site_name":"PackMais","article_modified_time":"2026-03-17T11:00:39+00:00","og_image":[{"width":252,"height":225,"url":"https:\/\/packmais.com\/packmais\/wp-content\/uploads\/2023\/09\/P00x.jpg","type":"image\/jpeg"}],"twitter_card":"summary_large_image","twitter_misc":{"Tempo estimado de leitura":"1 minuto"},"schema":{"@context":"https:\/\/schema.org","@graph":[{"@type":"WebPage","@id":"https:\/\/packmais.com\/packmais\/product\/p00-eclair-e-mini-churros\/","url":"https:\/\/packmais.com\/packmais\/product\/p00-eclair-e-mini-churros\/","name":"P00 - Eclair e mini churros - PackMais","isPartOf":{"@id":"https:\/\/packmais.com\/packmais\/#website"},"primaryImageOfPage":{"@id":"https:\/\/packmais.com\/packmais\/product\/p00-eclair-e-mini-churros\/#primaryimage"},"image":{"@id":"https:\/\/packmais.com\/packmais\/product\/p00-eclair-e-mini-churros\/#primaryimage"},"thumbnailUrl":"https:\/\/i0.wp.com\/packmais.com\/packmais\/wp-content\/uploads\/2023\/09\/P00x.jpg?fit=252%2C225&ssl=1","datePublished":"2023-09-13T03:43:22+00:00","dateModified":"2026-03-17T11:00:39+00:00","breadcrumb":{"@id":"https:\/\/packmais.com\/packmais\/product\/p00-eclair-e-mini-churros\/#breadcrumb"},"inLanguage":"pt-PT","potentialAction":[{"@type":"ReadAction","target":["https:\/\/packmais.com\/packmais\/product\/p00-eclair-e-mini-churros\/"]}]},{"@type":"ImageObject","inLanguage":"pt-PT","@id":"https:\/\/packmais.com\/packmais\/product\/p00-eclair-e-mini-churros\/#primaryimage","url":"https:\/\/i0.wp.com\/packmais.com\/packmais\/wp-content\/uploads\/2023\/09\/P00x.jpg?fit=252%2C225&ssl=1","contentUrl":"https:\/\/i0.wp.com\/packmais.com\/packmais\/wp-content\/uploads\/2023\/09\/P00x.jpg?fit=252%2C225&ssl=1","width":252,"height":225},{"@type":"BreadcrumbList","@id":"https:\/\/packmais.com\/packmais\/product\/p00-eclair-e-mini-churros\/#breadcrumb","itemListElement":[{"@type":"ListItem","position":1,"name":"Home","item":"https:\/\/packmais.com\/packmais\/"},{"@type":"ListItem","position":2,"name":"Shop","item":"https:\/\/packmais.com\/packmais\/home\/shop\/"},{"@type":"ListItem","position":3,"name":"P00 &#8211; Eclair e mini churros"}]},{"@type":"WebSite","@id":"https:\/\/packmais.com\/packmais\/#website","url":"https:\/\/packmais.com\/packmais\/","name":"PackMais","description":"","publisher":{"@id":"https:\/\/packmais.com\/packmais\/#organization"},"potentialAction":[{"@type":"SearchAction","target":{"@type":"EntryPoint","urlTemplate":"https:\/\/packmais.com\/packmais\/?s={search_term_string}"},"query-input":{"@type":"PropertyValueSpecification","valueRequired":true,"valueName":"search_term_string"}}],"inLanguage":"pt-PT"},{"@type":"Organization","@id":"https:\/\/packmais.com\/packmais\/#organization","name":"PackMais","url":"https:\/\/packmais.com\/packmais\/","logo":{"@type":"ImageObject","inLanguage":"pt-PT","@id":"https:\/\/packmais.com\/packmais\/#\/schema\/logo\/image\/","url":"https:\/\/i0.wp.com\/packmais.com\/packmais\/wp-content\/uploads\/2023\/09\/logo.png?fit=759%2C250&ssl=1","contentUrl":"https:\/\/i0.wp.com\/packmais.com\/packmais\/wp-content\/uploads\/2023\/09\/logo.png?fit=759%2C250&ssl=1","width":759,"height":250,"caption":"PackMais"},"image":{"@id":"https:\/\/packmais.com\/packmais\/#\/schema\/logo\/image\/"}}]}},"jetpack_sharing_enabled":true,"_links":{"self":[{"href":"https:\/\/packmais.com\/packmais\/wp-json\/wp\/v2\/product\/16","targetHints":{"allow":["GET"]}}],"collection":[{"href":"https:\/\/packmais.com\/packmais\/wp-json\/wp\/v2\/product"}],"about":[{"href":"https:\/\/packmais.com\/packmais\/wp-json\/wp\/v2\/types\/product"}],"replies":[{"embeddable":true,"href":"https:\/\/packmais.com\/packmais\/wp-json\/wp\/v2\/comments?post=16"}],"version-history":[{"count":8,"href":"https:\/\/packmais.com\/packmais\/wp-json\/wp\/v2\/product\/16\/revisions"}],"predecessor-version":[{"id":278,"href":"https:\/\/packmais.com\/packmais\/wp-json\/wp\/v2\/product\/16\/revisions\/278"}],"wp:featuredmedia":[{"embeddable":true,"href":"https:\/\/packmais.com\/packmais\/wp-json\/wp\/v2\/media\/50"}],"wp:attachment":[{"href":"https:\/\/packmais.com\/packmais\/wp-json\/wp\/v2\/media?parent=16"}],"wp:term":[{"taxonomy":"product_brand","embeddable":true,"href":"https:\/\/packmais.com\/packmais\/wp-json\/wp\/v2\/product_brand?post=16"},{"taxonomy":"product_cat","embeddable":true,"href":"https:\/\/packmais.com\/packmais\/wp-json\/wp\/v2\/product_cat?post=16"},{"taxonomy":"product_tag","embeddable":true,"href":"https:\/\/packmais.com\/packmais\/wp-json\/wp\/v2\/product_tag?post=16"}],"curies":[{"name":"wp","href":"https:\/\/api.w.org\/{rel}","templated":true}]}}